{"id":65,"date":"2025-04-27T00:11:16","date_gmt":"2025-04-27T00:11:16","guid":{"rendered":"https:\/\/cayyolundatesisatci.com\/tr\/index.php\/iletisim-4\/"},"modified":"2025-05-08T23:39:25","modified_gmt":"2025-05-08T23:39:25","slug":"iletisim-4","status":"publish","type":"page","link":"https:\/\/cayyolundatesisatci.com\/tr\/iletisim-4\/","title":{"rendered":"\u0130leti\u015fim"},"content":{"rendered":"\n<hr class=\"wp-block-separator has-alpha-channel-opacity\"\/>\n\n\n\n<div class=\"wp-block-media-text is-stacked-on-mobile\" style=\"grid-template-columns:32% auto\"><figure class=\"wp-block-media-text__media\"><img loading=\"lazy\" decoding=\"async\" width=\"530\" height=\"412\" src=\"https:\/\/cayyolundatesisatci.com\/tr\/wp-content\/uploads\/2025\/05\/tab_2-530x412-1.jpg\" alt=\"\" class=\"wp-image-218 size-full\" srcset=\"https:\/\/cayyolundatesisatci.com\/tr\/wp-content\/uploads\/2025\/05\/tab_2-530x412-1.jpg 530w, https:\/\/cayyolundatesisatci.com\/tr\/wp-content\/uploads\/2025\/05\/tab_2-530x412-1-300x233.jpg 300w\" sizes=\"auto, (max-width: 530px) 100vw, 530px\" \/><\/figure><div class=\"wp-block-media-text__content\">\n<h2 class=\"wp-block-heading\">\u00c7AYYOLU TES\u0130SAT H\u0130ZMETLER\u0130<\/h2>\n\n\n\n<p><strong>Adres <\/strong>: \u00c7ayyolu Mahallesi 1927. Sokak 06610 Yenimahalle \/ ANKARA<br><strong>TELEFON<\/strong><br><a href=\"tel:03122697957\">0 312 269 79 57<\/a><br><a href=\"tel:05305204430\">0 530 520 44 30<\/a><br><a href=\"tel:05439539313\">0 543 953 93 13<\/a><br><strong>E MAIL<br><\/strong><a href=\"mailto:tesisatozdemir@gmail.com\">tesisatozdemir@gmail.com<\/a><\/p>\n<\/div><\/div>\n\n\n\n<hr class=\"wp-block-separator has-alpha-channel-opacity\"\/>\n\n\n\n<iframe src=\"https:\/\/www.google.com\/maps\/embed?pb=!1m18!1m12!1m3!1d3061.257095712139!2d32.701252111450394!3d39.890875787358254!2m3!1f0!2f0!3f0!3m2!1i1024!2i768!4f13.1!3m3!1m2!1s0x14d338892b3d1fbd%3A0xa7f3d82b51559e7a!2sMutlukent%2C%201927.%20Sk.%2C%2006800%20%C3%87ankaya%2FAnkara!5e0!3m2!1str!2str!4v1746747521576!5m2!1str!2str\" width=\"1140\" height=\"350\" style=\"border:0;\" allowfullscreen=\"\" loading=\"lazy\" referrerpolicy=\"no-referrer-when-downgrade\"><\/iframe>\n\n\n\n<p><\/p>\n","protected":false},"excerpt":{"rendered":"<p>\u00c7AYYOLU TES\u0130SAT H\u0130ZMETLER\u0130 Adres : \u00c7ayyolu Mahallesi 1927. Sokak 06610 Yenimahalle \/ ANKARATELEFON0 312 269 79 570 530 520 44 300 543 953 93 13E MAILtesisatozdemir@gmail.com<\/p>\n","protected":false},"author":1,"featured_media":215,"parent":0,"menu_order":0,"comment_status":"closed","ping_status":"closed","template":"","meta":{"footnotes":""},"class_list":["post-65","page","type-page","status-publish","has-post-thumbnail","hentry"],"_links":{"self":[{"href":"https:\/\/cayyolundatesisatci.com\/tr\/wp-json\/wp\/v2\/pages\/65","targetHints":{"allow":["GET"]}}],"collection":[{"href":"https:\/\/cayyolundatesisatci.com\/tr\/wp-json\/wp\/v2\/pages"}],"about":[{"href":"https:\/\/cayyolundatesisatci.com\/tr\/wp-json\/wp\/v2\/types\/page"}],"author":[{"embeddable":true,"href":"https:\/\/cayyolundatesisatci.com\/tr\/wp-json\/wp\/v2\/users\/1"}],"replies":[{"embeddable":true,"href":"https:\/\/cayyolundatesisatci.com\/tr\/wp-json\/wp\/v2\/comments?post=65"}],"version-history":[{"count":11,"href":"https:\/\/cayyolundatesisatci.com\/tr\/wp-json\/wp\/v2\/pages\/65\/revisions"}],"predecessor-version":[{"id":263,"href":"https:\/\/cayyolundatesisatci.com\/tr\/wp-json\/wp\/v2\/pages\/65\/revisions\/263"}],"wp:featuredmedia":[{"embeddable":true,"href":"https:\/\/cayyolundatesisatci.com\/tr\/wp-json\/wp\/v2\/media\/215"}],"wp:attachment":[{"href":"https:\/\/cayyolundatesisatci.com\/tr\/wp-json\/wp\/v2\/media?parent=65"}],"curies":[{"name":"wp","href":"https:\/\/api.w.org\/{rel}","templated":true}]}}