{"id":64,"date":"2025-04-27T00:11:16","date_gmt":"2025-04-27T00:11:16","guid":{"rendered":"https:\/\/cayyolundatesisatci.com\/tr\/index.php\/ana-sayfa\/"},"modified":"2025-04-27T00:11:16","modified_gmt":"2025-04-27T00:11:16","slug":"ana-sayfa","status":"publish","type":"page","link":"https:\/\/cayyolundatesisatci.com\/tr\/","title":{"rendered":"Ana Sayfa"},"content":{"rendered":"<p>LightningWP ile ultra h\u0131zl\u0131 ve modern bir WordPress deneyimine ho\u015f geldiniz!<\/p>\n","protected":false},"excerpt":{"rendered":"<p>LightningWP ile ultra h\u0131zl\u0131 ve modern bir WordPress deneyimine ho\u015f geldiniz!<\/p>\n","protected":false},"author":1,"featured_media":0,"parent":0,"menu_order":0,"comment_status":"closed","ping_status":"closed","template":"","meta":{"footnotes":""},"class_list":["post-64","page","type-page","status-publish","hentry"],"_links":{"self":[{"href":"https:\/\/cayyolundatesisatci.com\/tr\/wp-json\/wp\/v2\/pages\/64","targetHints":{"allow":["GET"]}}],"collection":[{"href":"https:\/\/cayyolundatesisatci.com\/tr\/wp-json\/wp\/v2\/pages"}],"about":[{"href":"https:\/\/cayyolundatesisatci.com\/tr\/wp-json\/wp\/v2\/types\/page"}],"author":[{"embeddable":true,"href":"https:\/\/cayyolundatesisatci.com\/tr\/wp-json\/wp\/v2\/users\/1"}],"replies":[{"embeddable":true,"href":"https:\/\/cayyolundatesisatci.com\/tr\/wp-json\/wp\/v2\/comments?post=64"}],"version-history":[{"count":0,"href":"https:\/\/cayyolundatesisatci.com\/tr\/wp-json\/wp\/v2\/pages\/64\/revisions"}],"wp:attachment":[{"href":"https:\/\/cayyolundatesisatci.com\/tr\/wp-json\/wp\/v2\/media?parent=64"}],"curies":[{"name":"wp","href":"https:\/\/api.w.org\/{rel}","templated":true}]}}